{"id":72,"date":"2016-07-18T19:57:37","date_gmt":"2016-07-18T17:57:37","guid":{"rendered":"http:\/\/satuluricani.ro\/?page_id=72"},"modified":"2016-07-18T20:15:18","modified_gmt":"2016-07-18T18:15:18","slug":"despre-uricani","status":"publish","type":"page","link":"https:\/\/satuluricani.ro\/?page_id=72","title":{"rendered":"Despre Uricani"},"content":{"rendered":"<p>Potrivit Proiectului Asociatiei, \u00een anul 1966 a fost scris si editat de unul dintre membrii fondatori, Mihai Constantinescu, primul volum din seria monografic \u201dURICANI \u2013 IASI, file de cronica\u201d, av\u00e2nd\u00a0 ca tema \u201durmele de locuire preistorica\u00a0si documentele medievale privind atestarea documentara a satului.\u201d<\/p>\n<p>Al doilea volum a aparut \u00een anul 2000 si are ca tematica \u201darhitectura rurala\u00a0si catagrafia locuitorilor din anul 1997.\u201d<\/p>\n<p>Volumul al treilea (2004) este dedicat \u201d\u00eenceputului \u00eenvatam\u00e2ntului de stat general -obligatoriu si Anuarul absolventilor \u00een perioada 1936 \u2013 1990.\u201d<\/p>\n<p>\u201dBiserica si Cimitirul\u201d fac obiectul volumului IV (2007), fiind\u00a0 tratat si istoricul Cimitirului Eroilor din al Doilea Razboi Mondial, precum \u00a0si al \u00a0monumentelor \u00eenchinate eroilor sateni cazuti \u00een cele doua conflagratii mondiale.<\/p>\n<p>\u00cen anul 2010 a aparut \u201dSfatul Batr\u00e2nilor\u201d \u2013 \u201dun album foto al batr\u00e2nilor satului \u00een v\u00e2rsta de peste 70 de ani si sfaturile lor (de inspiratie biblica) catre urmasi.\u201d<\/p>\n<p>D\u00e2nd curs recomandarii academicianului de vrednica pomenire, raposatul Constantin Ciopraga, \u00een anul 2016, la aniversarea a 560 ani de la prima atestare documentara a satului Uricani, cele patru volume au fost revazute, completate si contopite \u00eentr-un tot unitar &#8211; \u201dMONOGRAFIA SATULUI URICANI \u2013 IASI\u201d.<\/p>\n<p>Toate exemplarele din seria monografica \u201dUricani \u2013 file de cronica\u201d au fost oferite gratuit locuitorilor satului si institutiilor publice din Comuna Miroslava.<\/p>\n<p>\u00cen anul 2007, prin grija aceluiasi fiu al satului, a fost editat \u201dAnuarul Asociatiei \u2013 \u00een documente si imagini \u2013 1980 \u2013 2007\u201d,\u00a0 sub titlul \u201dCARTEA NOASTRA\u201d.<\/p>\n<p>Tot atunci, s-a \u00eenfiintat \u201dCRONICA URICANILOR\u201d\u00a0 &#8211; o carte de \u00eensemnari despre evenimentele majore petrecute \u00een viata localitatii; se pastreaza la Biserica satului si este completata de parintele paroh.<\/p>\n<p><a href=\"http:\/\/satuluricani.ro\/wp-content\/uploads\/2016\/07\/IMG_1048.jpg\" rel=\"lightbox[72]\"><img loading=\"lazy\" decoding=\"async\" class=\"alignleft wp-image-75 size-thumbnail\" src=\"http:\/\/satuluricani.ro\/wp-content\/uploads\/2016\/07\/IMG_1048-150x150.jpg\" alt=\"IMG_1048\" width=\"150\" height=\"150\" \/><\/a><a href=\"http:\/\/satuluricani.ro\/wp-content\/uploads\/2016\/07\/IMG_1073.jpg\" rel=\"lightbox[72]\"><img loading=\"lazy\" decoding=\"async\" class=\"alignleft wp-image-79 size-thumbnail\" src=\"http:\/\/satuluricani.ro\/wp-content\/uploads\/2016\/07\/IMG_1073-150x150.jpg\" alt=\"IMG_1073\" width=\"150\" height=\"150\" \/><\/a> <a href=\"http:\/\/satuluricani.ro\/wp-content\/uploads\/2016\/07\/IMG_1059.jpg\" rel=\"lightbox[72]\"><img loading=\"lazy\" decoding=\"async\" class=\"alignleft wp-image-77 size-thumbnail\" src=\"http:\/\/satuluricani.ro\/wp-content\/uploads\/2016\/07\/IMG_1059-150x150.jpg\" alt=\"IMG_1059\" width=\"150\" height=\"150\" \/><\/a><a href=\"http:\/\/satuluricani.ro\/wp-content\/uploads\/2016\/07\/IMG_1062.jpg\" rel=\"lightbox[72]\"> <img loading=\"lazy\" decoding=\"async\" class=\"alignleft wp-image-78 size-thumbnail\" src=\"http:\/\/satuluricani.ro\/wp-content\/uploads\/2016\/07\/IMG_1062-150x150.jpg\" alt=\"IMG_1062\" width=\"150\" height=\"150\" \/><\/a><a href=\"http:\/\/satuluricani.ro\/wp-content\/uploads\/2016\/07\/IMG_1057.jpg\" rel=\"lightbox[72]\"><img loading=\"lazy\" decoding=\"async\" class=\"alignleft wp-image-76 size-thumbnail\" src=\"http:\/\/satuluricani.ro\/wp-content\/uploads\/2016\/07\/IMG_1057-150x150.jpg\" alt=\"IMG_1057\" width=\"150\" height=\"150\" \/><\/a><\/p>\n<p>&nbsp;<\/p>\n","protected":false},"excerpt":{"rendered":"<p>Potrivit Proiectului Asociatiei, \u00een anul 1966 a fost scris si editat de unul dintre membrii fondatori, Mihai Constantinescu, primul volum din seria monografic \u201dURICANI \u2013 IASI, file de cronica\u201d, av\u00e2nd\u00a0 ca tema \u201durmele de locuire preistorica\u00a0si documentele medievale privind atestarea &hellip; <a href=\"https:\/\/satuluricani.ro\/?page_id=72\">Continue reading <span class=\"meta-nav\">&rarr;<\/span><\/a><\/p>\n","protected":false},"author":1,"featured_media":0,"parent":0,"menu_order":3,"comment_status":"closed","ping_status":"closed","template":"","meta":{"footnotes":""},"_links":{"self":[{"href":"https:\/\/satuluricani.ro\/index.php?rest_route=\/wp\/v2\/pages\/72"}],"collection":[{"href":"https:\/\/satuluricani.ro\/index.php?rest_route=\/wp\/v2\/pages"}],"about":[{"href":"https:\/\/satuluricani.ro\/index.php?rest_route=\/wp\/v2\/types\/page"}],"author":[{"embeddable":true,"href":"https:\/\/satuluricani.ro\/index.php?rest_route=\/wp\/v2\/users\/1"}],"replies":[{"embeddable":true,"href":"https:\/\/satuluricani.ro\/index.php?rest_route=%2Fwp%2Fv2%2Fcomments&post=72"}],"version-history":[{"count":5,"href":"https:\/\/satuluricani.ro\/index.php?rest_route=\/wp\/v2\/pages\/72\/revisions"}],"predecessor-version":[{"id":82,"href":"https:\/\/satuluricani.ro\/index.php?rest_route=\/wp\/v2\/pages\/72\/revisions\/82"}],"wp:attachment":[{"href":"https:\/\/satuluricani.ro\/index.php?rest_route=%2Fwp%2Fv2%2Fmedia&parent=72"}],"curies":[{"name":"wp","href":"https:\/\/api.w.org\/{rel}","templated":true}]}}