{"id":2,"date":"2012-11-27T18:49:31","date_gmt":"2012-11-27T18:49:31","guid":{"rendered":"http:\/\/satuluricani.ro\/?page_id=2"},"modified":"2016-07-18T19:54:51","modified_gmt":"2016-07-18T17:54:51","slug":"sample-page","status":"publish","type":"page","link":"https:\/\/satuluricani.ro\/?page_id=2","title":{"rendered":"Istoria Asociatiei"},"content":{"rendered":"<p>Prin INCHEIEREA Judecatoriei Iasi, numarul 41-PJ-9 iunie 2000, instanta a dispus:<br \/>\n\u201dAdmite cererea formulat de Asociatia Culturala \u201dFIII SATULUI URICANI\u201d, cu sediul \u00een comuna Miroslava, satul Uricani, judetul Iasi. \u00cen temeiul art.8 din O.G. nr.26 din 2000 dispune \u00eenscrierea asociatiei \u00een Registrul asociatiilor si fundadiilor aflat la grefa Judecatoriei Iasi, cu consecinta dob\u00e2ndirii personalitii juridice.\u201d<\/p>\n<p>\u00cen baza acestei hotar\u00e2ri judecatoresti,Asociatia a primit Certificatul de \u00censcriere nr.2 din 23 iunie 2000, cu durata de functionare \u201dnelimitata\u201d si a fost luata \u00een evidenta Ministerului Culturii.<\/p>\n<p>Dintre prevederile STATUTULUI aprobat de Adunarea Generala a membrilor fondatori si autentificat de Notariatul Public, prin Incheierea nr.1245 din 13 aprilie 2000, pe l\u00e2nga cele expuse mai sus la capitolul Scop si Obiective, merita a fi retinute si cele referitoare la membrii Asociatiei, \u00eenscrise \u00een art.16:<br \/>\n\u201dPoate deveni membru al asociatiei persoana care a \u00eemplinit v\u00e2rsta de 18 ani, indiferent de nationalitate, sex ori religie si care se afla \u00een una din urmatoarele situatii:<br \/>\na) s-a nascut \u00een satul Uricani, judetul Iasi;<br \/>\nb) domiciliaza \u00een satul Uricani;<br \/>\nc) are legaturi de rudenie cu una din persoanele mentionate mai sus;<br \/>\nd) este legata spiritual si sentimental de satul Uricani;<br \/>\ne) \u00eendeplineste functii sau demnitati publice \u00een cadrul Comunei Miroslava.<br \/>\nAsociatia are simpatizanti\u201d<\/p>\n<p>Evenimente organizate de Asociatie:<\/p>\n<p>* \u00cent\u00e2lnirea \u201dFIII SATULUI URICANI\u201d &#8211; Editia I-a, 31 august 1980<\/p>\n<p>&#8211; extras din ziarul judetean OPINIA, din 02.09.1980:<\/p>\n<p>\u201dS\u00eembata si duminica, \u00een satul Uricani, din comuna Miroslava au avut loc frumoase manifestari cultural-artistice orgnizate sub genericul \u201d\u00cent\u00eelnirea fiilor satului\u201d. Re\u00eent\u00eelnirea celor care s-au nascut si au copilarit pe aceste meleaguri a prilejuit vizitarea unor expozizii de desene ale elevilor scolii Generale din Uricani, de carte social-politica, amenajata la biblioteca, si alta de fotografii deschisa la Caminul Cultural. S-a organizat, de asemenea, simpozionul \u201dSatul Uricani \u00een acte si documente\u201d, o serbare c\u00eempeneasca la care si-au adus contributia formatiile artistice din comuna Miroslava. Fiii satului si-au \u00eennoit &#8211; \u00een acest cadru &#8211; angajamentul de a contribui \u00een continuare la dezvoltarea social-economica si gospodareasca a locului natal.\u201d<\/p>\n<p>\u00cent\u00e2lnirea s-a finalizat cu adoptarea \u201dCHEMARII\u201d, un adevarat manifest civic, \u00een conditiile \u00een care societatea civila a timpului avea forme timide de organizare si manifestare.<\/p>\n<p>* 25 decembrie 1996: Lansarea ciclului monografic \u201dURICANI &#8211; IASI, file de cronica, volumul I, Documente medievale, autor Mihai Constantinescu, secretarul Asociatiei. Actiunea s-a desfasurat la sediul scolii Generale (vechi, Vasile Tudose), \u00een prezenta mai multor locuitori si elevi. Director:Prof.Maria Acatrinei. Cartea a fost sponsorizata de S.C.Antibiotice s.a. si a fost distribuita \u00een mod gratuit locuitorilor satului.<\/p>\n<p>* 16 iulie 2000: Lansarea celui de-al doilea volum monografic \u201dUricani, Arhitectura rurala\u201d si distribuirea lui gratuita cetatenilor interesati. Acelasi sponsor, acelasi director de scoala, mai putini participanti.<\/p>\n<p>* 22 februarie 2001: Prima interventie publica a Asociatiei la Consiliul Judetean Iasi pentru modernizarea drumului comunal de pam\u00e2nt Uricani &#8211; Antibiotice.<\/p>\n<p>* 15 august 2001: \u00cent\u00e2lnirea \u201dFIII SATULUI\u201d, &#8211; Editia a II-a.<br \/>\n&#8211; va urma &#8211;<\/p>\n","protected":false},"excerpt":{"rendered":"<p>Prin INCHEIEREA Judecatoriei Iasi, numarul 41-PJ-9 iunie 2000, instanta a dispus: \u201dAdmite cererea formulat de Asociatia Culturala \u201dFIII SATULUI URICANI\u201d, cu sediul \u00een comuna Miroslava, satul Uricani, judetul Iasi. \u00cen temeiul art.8 din O.G. nr.26 din 2000 dispune \u00eenscrierea asociatiei &hellip; <a href=\"https:\/\/satuluricani.ro\/?page_id=2\">Continue reading <span class=\"meta-nav\">&rarr;<\/span><\/a><\/p>\n","protected":false},"author":1,"featured_media":0,"parent":0,"menu_order":2,"comment_status":"open","ping_status":"open","template":"","meta":{"footnotes":""},"_links":{"self":[{"href":"https:\/\/satuluricani.ro\/index.php?rest_route=\/wp\/v2\/pages\/2"}],"collection":[{"href":"https:\/\/satuluricani.ro\/index.php?rest_route=\/wp\/v2\/pages"}],"about":[{"href":"https:\/\/satuluricani.ro\/index.php?rest_route=\/wp\/v2\/types\/page"}],"author":[{"embeddable":true,"href":"https:\/\/satuluricani.ro\/index.php?rest_route=\/wp\/v2\/users\/1"}],"replies":[{"embeddable":true,"href":"https:\/\/satuluricani.ro\/index.php?rest_route=%2Fwp%2Fv2%2Fcomments&post=2"}],"version-history":[{"count":5,"href":"https:\/\/satuluricani.ro\/index.php?rest_route=\/wp\/v2\/pages\/2\/revisions"}],"predecessor-version":[{"id":69,"href":"https:\/\/satuluricani.ro\/index.php?rest_route=\/wp\/v2\/pages\/2\/revisions\/69"}],"wp:attachment":[{"href":"https:\/\/satuluricani.ro\/index.php?rest_route=%2Fwp%2Fv2%2Fmedia&parent=2"}],"curies":[{"name":"wp","href":"https:\/\/api.w.org\/{rel}","templated":true}]}}